{"id":134,"date":"2023-01-06T18:05:17","date_gmt":"2023-01-06T15:05:17","guid":{"rendered":"https:\/\/nslmimarlik.com\/?page_id=134"},"modified":"2023-03-31T01:25:04","modified_gmt":"2023-03-30T22:25:04","slug":"hakkimizda","status":"publish","type":"page","link":"https:\/\/nslmimarlik.com\/index.php\/hakkimizda\/","title":{"rendered":"HAKKIMIZDA"},"content":{"rendered":"\n<div class=\"wp-block-group has-white-background-color has-background is-layout-constrained wp-container-core-group-is-layout-1 wp-block-group-is-layout-constrained\" style=\"padding-bottom:100px\">\n<div class=\"wp-block-columns is-layout-flex wp-container-core-columns-is-layout-2 wp-block-columns-is-layout-flex\">\n<div class=\"wp-block-column is-layout-flow wp-block-column-is-layout-flow\">\n<h2 class=\"intrace-animate intrace-move-right intrace-delay-3 has-intrace-primary-color has-text-color has-heading-2-font-size wp-block-heading\" style=\"font-style:normal;font-weight:600;letter-spacing:1px;line-height:1;text-transform:uppercase\">Ho\u015f geldiniz !<\/h2>\n\n\n\n<div class=\"wp-block-columns is-style-default is-layout-flex wp-container-core-columns-is-layout-1 wp-block-columns-is-layout-flex\" style=\"border-style:none;border-width:0px;border-radius:0px;padding-top:10px;padding-right:80px\">\n<div class=\"wp-block-column is-content-justification-center is-layout-constrained wp-block-column-is-layout-constrained\" style=\"flex-basis:100%\">\n<p class=\"intrace-animate intrace-move-right intrace-delay-5 has-intrace-body-text-color has-text-color has-heading-6-font-size\" style=\"font-style:normal;font-weight:300;text-transform:capitalize\">Profesyonel i\u00e7 mimar ekiplerimizle birlikte, m\u00fc\u015fterilerimize kaliteli ve modern i\u00e7 mimari hizmetleri sunmaktay\u0131z. \u0130\u00e7 mimari tasar\u0131mlar\u0131m\u0131zda, minimalizm ve modern stil \u00f6zelliklerini \u00f6n planda tutarak, mek\u00e2nlar\u0131n fonksiyonel ve estetik \u00f6zelliklerini bir arada sunmay\u0131 hedeflemekteyiz. ev, ofis ma\u011faza hastane okul restoran vb. gibi mek\u00e2nlar \u0130\u00e7in \u0130ste\u011fe ba\u011fl\u0131 \u00e7al\u0131\u015fmalar yapmaktay\u0131z. Projelerimizde, m\u00fc\u015fterilerimizin \u0130steklerini ve beklentilerini dikkate alarak, mek\u00e2nlar\u0131n fonksiyonel ve estetik \u00f6zelliklerini bir arada sunmay\u0131 hedeflemekteyiz. Hizmetlerimiz aras\u0131nda, tasar\u0131m, proje y\u00f6netimi, malzeme se\u00e7imi,mobilya imalat\u0131 ve montaj hizmetleri yer almaktad\u0131r. Ayr\u0131ca, \u0130\u00e7 mimari projelerinizin y\u00f6netimini ve koordinasyonunu  ger\u00e7ekle\u015ftiriyoruz. Ekibimizde, deneyimli \u0130\u00e7 mimarlar ve uzman destek ekibi bulunmaktad\u0131r. Hizmetlerimizden yararlanmak \u0130steyen m\u00fc\u015fterilerimiz telefon numaras\u0131, e-posta ve web sitesi \u00fczerinden bizimle ileti\u015fime ge\u00e7ebilirsiniz. Mek\u00e2n\u0131n\u0131z i\u00e7in en uygun tasar\u0131m\u0131 ve fonksiyonel \u00e7\u00f6z\u00fcmleri birlikte belirleyelim. Bizi tercih etti\u011finiz \u0130\u00e7in te\u015fekk\u00fcr ederiz.&#8221;. <\/p>\n<\/div>\n<\/div>\n<\/div>\n\n\n\n<div class=\"wp-block-column is-vertically-aligned-top is-layout-flow wp-block-column-is-layout-flow\">\n<figure class=\"wp-block-image size-large is-resized intrace-animate intrace-move-left intrace-delay-7\"><img loading=\"lazy\" decoding=\"async\" src=\"https:\/\/nslmimarlik.com\/wp-content\/themes\/intrace\/assets\/img\/wood-floor-home-loft-rug-property-943609-pxhere.com.webp\" alt=\"\" class=\"wp-image-1206\" width=\"560\" height=\"450\"\/><\/figure>\n<\/div>\n<\/div>\n<\/div>\n","protected":false},"excerpt":{"rendered":"<p>Ho\u015f geldiniz ! Profesyonel i\u00e7 mimar ekiplerimizle birlikte, m\u00fc\u015fterilerimize kaliteli ve modern i\u00e7 mimari hizmetleri sunmaktay\u0131z. \u0130\u00e7 mimari tasar\u0131mlar\u0131m\u0131zda, minimalizm ve modern stil \u00f6zelliklerini \u00f6n planda tutarak, mek\u00e2nlar\u0131n fonksiyonel ve estetik \u00f6zelliklerini bir arada sunmay\u0131 hedeflemekteyiz. ev, ofis ma\u011faza hastane okul restoran vb. gibi mek\u00e2nlar \u0130\u00e7in \u0130ste\u011fe ba\u011fl\u0131 \u00e7al\u0131\u015fmalar yapmaktay\u0131z. Projelerimizde, m\u00fc\u015fterilerimizin \u0130steklerini ve beklentilerini dikkate alarak, mek\u00e2nlar\u0131n fonksiyonel ve estetik \u00f6zelliklerini bir arada sunmay\u0131 hedeflemekteyiz. Hizmetlerimiz aras\u0131nda, tasar\u0131m, proje y\u00f6netimi, malzeme se\u00e7imi,mobilya imalat\u0131 ve montaj hizmetleri yer almaktad\u0131r. Ayr\u0131ca, \u0130\u00e7 mimari projelerinizin y\u00f6netimini ve koordinasyonunu ger\u00e7ekle\u015ftiriyoruz. Ekibimizde, deneyimli \u0130\u00e7 mimarlar ve uzman destek ekibi bulunmaktad\u0131r. Hizmetlerimizden yararlanmak \u0130steyen m\u00fc\u015fterilerimiz<\/p>\n","protected":false},"author":1,"featured_media":276,"parent":0,"menu_order":0,"comment_status":"closed","ping_status":"closed","template":"","meta":{"_joinchat":[],"footnotes":""},"class_list":["post-134","page","type-page","status-publish","has-post-thumbnail","hentry"],"_links":{"self":[{"href":"https:\/\/nslmimarlik.com\/index.php\/wp-json\/wp\/v2\/pages\/134","targetHints":{"allow":["GET"]}}],"collection":[{"href":"https:\/\/nslmimarlik.com\/index.php\/wp-json\/wp\/v2\/pages"}],"about":[{"href":"https:\/\/nslmimarlik.com\/index.php\/wp-json\/wp\/v2\/types\/page"}],"author":[{"embeddable":true,"href":"https:\/\/nslmimarlik.com\/index.php\/wp-json\/wp\/v2\/users\/1"}],"replies":[{"embeddable":true,"href":"https:\/\/nslmimarlik.com\/index.php\/wp-json\/wp\/v2\/comments?post=134"}],"version-history":[{"count":12,"href":"https:\/\/nslmimarlik.com\/index.php\/wp-json\/wp\/v2\/pages\/134\/revisions"}],"predecessor-version":[{"id":408,"href":"https:\/\/nslmimarlik.com\/index.php\/wp-json\/wp\/v2\/pages\/134\/revisions\/408"}],"wp:featuredmedia":[{"embeddable":true,"href":"https:\/\/nslmimarlik.com\/index.php\/wp-json\/wp\/v2\/media\/276"}],"wp:attachment":[{"href":"https:\/\/nslmimarlik.com\/index.php\/wp-json\/wp\/v2\/media?parent=134"}],"curies":[{"name":"wp","href":"https:\/\/api.w.org\/{rel}","templated":true}]}}