{"id":44,"date":"2023-01-06T11:52:24","date_gmt":"2023-01-06T08:52:24","guid":{"rendered":"https:\/\/nslmimarlik.com\/?page_id=44"},"modified":"2023-03-31T02:27:22","modified_gmt":"2023-03-30T23:27:22","slug":"iletisim","status":"publish","type":"page","link":"https:\/\/nslmimarlik.com\/index.php\/iletisim\/","title":{"rendered":""},"content":{"rendered":"\n<p class=\"has-text-align-center has-intrace-primary-color has-text-color has-extra-large-font-size\"><strong>Bizimle \u0130leti\u015fime Ge\u00e7in<\/strong><\/p>\n\n\n\n<p><\/p>\n\n\n\n<p>  <\/p>\n\n\n\n<p><\/p>\n\n\n\n<div class=\"wp-block-group is-style-default is-vertical is-layout-flex wp-container-core-group-is-layout-1 wp-block-group-is-layout-flex\">\n<p class=\"has-large-font-size\">NSL Mimarlik ve Tasar\u0131m San. Tic. Ltd. \u015eti.<\/p>\n\n\n\n<p class=\"has-large-font-size\">Merkez Mh. Gamze Sk. No: 14 \/A <\/p>\n\n\n\n<p class=\"has-large-font-size\">Ka\u011f\u0131thane \/ \u0130stanbul<\/p>\n\n\n\n<p class=\"has-intrace-primary-color has-text-color has-large-font-size\">E-Posta : <strong>info@nslmimarlik.com<\/strong><\/p>\n\n\n\n<p class=\"has-intrace-primary-color has-text-color has-large-font-size\">Telefon: <strong>+90 530 928 99 57<\/strong><\/p>\n\n\n\n<p class=\"has-intrace-primary-color has-text-color has-large-font-size\">               <strong>+90 534 493 97 42<\/strong><\/p>\n<\/div>\n\n\n\n<p><\/p>\n","protected":false},"excerpt":{"rendered":"<p>Bizimle \u0130leti\u015fime Ge\u00e7in NSL Mimarlik ve Tasar\u0131m San. Tic. Ltd. \u015eti. Merkez Mh. Gamze Sk. No: 14 \/A Ka\u011f\u0131thane \/ \u0130stanbul E-Posta : info@nslmimarlik.com Telefon: +90 530 928 99 57 +90 534 493 97 42<\/p>\n","protected":false},"author":1,"featured_media":0,"parent":0,"menu_order":0,"comment_status":"closed","ping_status":"closed","template":"","meta":{"_joinchat":[],"footnotes":""},"class_list":["post-44","page","type-page","status-publish","hentry"],"_links":{"self":[{"href":"https:\/\/nslmimarlik.com\/index.php\/wp-json\/wp\/v2\/pages\/44","targetHints":{"allow":["GET"]}}],"collection":[{"href":"https:\/\/nslmimarlik.com\/index.php\/wp-json\/wp\/v2\/pages"}],"about":[{"href":"https:\/\/nslmimarlik.com\/index.php\/wp-json\/wp\/v2\/types\/page"}],"author":[{"embeddable":true,"href":"https:\/\/nslmimarlik.com\/index.php\/wp-json\/wp\/v2\/users\/1"}],"replies":[{"embeddable":true,"href":"https:\/\/nslmimarlik.com\/index.php\/wp-json\/wp\/v2\/comments?post=44"}],"version-history":[{"count":6,"href":"https:\/\/nslmimarlik.com\/index.php\/wp-json\/wp\/v2\/pages\/44\/revisions"}],"predecessor-version":[{"id":420,"href":"https:\/\/nslmimarlik.com\/index.php\/wp-json\/wp\/v2\/pages\/44\/revisions\/420"}],"wp:attachment":[{"href":"https:\/\/nslmimarlik.com\/index.php\/wp-json\/wp\/v2\/media?parent=44"}],"curies":[{"name":"wp","href":"https:\/\/api.w.org\/{rel}","templated":true}]}}